{"id":1015,"date":"2023-01-11T16:35:35","date_gmt":"2023-01-11T15:35:35","guid":{"rendered":"https:\/\/bee-aware.eu\/informativa-sulla-privacy-di-beeawareeu\/"},"modified":"2023-06-12T20:25:27","modified_gmt":"2023-06-12T18:25:27","slug":"informativa-sulla-privacy-di-beeawareeu","status":"publish","type":"page","link":"https:\/\/bee-aware.eu\/it\/informativa-sulla-privacy-di-beeawareeu\/","title":{"rendered":"Informativa sulla privacy di BeeAwareEU"},"content":{"rendered":"\t\t<div data-elementor-type=\"wp-page\" data-elementor-id=\"1015\" class=\"elementor elementor-1015 elementor-3\" data-elementor-post-type=\"page\">\n\t\t\t\t\t\t<section class=\"elementor-section elementor-top-section elementor-element elementor-element-2f26e285 elementor-section-boxed elementor-section-height-default elementor-section-height-default\" data-id=\"2f26e285\" data-element_type=\"section\">\n\t\t\t\t\t\t<div class=\"elementor-container elementor-column-gap-default\">\n\t\t\t\t\t<div class=\"elementor-column elementor-col-100 elementor-top-column elementor-element elementor-element-43e59722\" data-id=\"43e59722\" data-element_type=\"column\">\n\t\t\t<div class=\"elementor-widget-wrap elementor-element-populated\">\n\t\t\t\t\t\t<div class=\"elementor-element elementor-element-683d237e elementor-widget elementor-widget-text-editor\" data-id=\"683d237e\" data-element_type=\"widget\" data-widget_type=\"text-editor.default\">\n\t\t\t\t<div class=\"elementor-widget-container\">\n\t\t\t\t\t\t\t\t\t<p>A #BeeAwareEU ( <a href=\"https:\/\/beeaware.eu\">https:\/\/beeaware.eu<\/a> ) apprezziamo la tua privacy e ci impegniamo a proteggere le tue informazioni personali. La presente Informativa sulla privacy delinea il modo in cui raccogliamo, utilizziamo, divulghiamo e proteggiamo le tue informazioni quando visiti il nostro sito Web o interagisci con i nostri contenuti. Si prega di leggere attentamente questa politica per comprendere le nostre pratiche relative alle informazioni e al modo in cui le trattiamo. <\/p>\n<\/p>\n<h3>Informazioni che raccogliamo<\/h3>\n<p>Potremmo raccogliere alcune informazioni personali quando visiti il nostro sito Web, come il tuo nome, indirizzo e-mail e qualsiasi altra informazione che ci fornisci volontariamente tramite commenti o moduli di contatto.<\/p>\n<\/p>\n<h3>Uso delle informazioni<\/h3>\n<p>Utilizziamo le informazioni raccolte per fornire e migliorare i nostri contenuti, rispondere alle vostre richieste e comunicare con voi. Non ti inviamo alcun contenuto promozionale o informativo non richiesto. <\/p>\n<\/p>\n<h3>Cookie e altre tecnologie di tracciamento<\/h3>\n<p>Il nostro sito Web pu\u00f2 utilizzare cookie e tecnologie di tracciamento simili per migliorare la tua esperienza di navigazione. Queste tecnologie raccolgono informazioni sul tuo dispositivo, azioni di navigazione e schemi. Hai la possibilit\u00e0 di disabilitare i cookie nelle impostazioni del tuo browser, ma tieni presente che ci\u00f2 potrebbe influire sulla tua capacit\u00e0 di accedere a determinate caratteristiche o funzionalit\u00e0 del nostro blog.  <\/p>\n<\/p>\n<h3>Link di terzi<\/h3>\n<p>Il nostro sito Web contiene collegamenti a siti Web o servizi di terze parti che non sono gestiti o controllati da noi. Una volta lasciato il nostro sito Web, non abbiamo alcun controllo sulle pratiche sulla privacy o sul contenuto di tali siti Web di terze parti. Ti invitiamo a rivedere le politiche sulla privacy di tutti i siti Web di terze parti che visiti.  <\/p>\n<\/p>\n<h3>La sicurezza dei dati<\/h3>\n<p>Adottiamo misure ragionevoli per proteggere la sicurezza delle tue informazioni personali da accessi non autorizzati, alterazione, divulgazione o distruzione. Tuttavia, tieni presente che nessun metodo di trasmissione su Internet o archiviazione elettronica \u00e8 sicuro al 100% e non possiamo garantire la sicurezza assoluta. <\/p>\n<\/p>\n<h3>Privacy dei bambini<\/h3>\n<p>Il nostro sito Web non \u00e8 destinato all&#8217;uso da parte di individui di et\u00e0 inferiore ai 13 anni. Non raccogliamo consapevolmente informazioni personali da bambini. Se sei un genitore o un tutore e ritieni che tuo figlio ci abbia fornito informazioni personali, ti preghiamo di contattarci e prenderemo provvedimenti per rimuovere tali informazioni dai nostri sistemi.  <\/p>\n<\/p>\n<h3>Modifiche alla presente Informativa sulla privacy<\/h3>\n<p>Ci riserviamo il diritto di modificare la presente Informativa sulla privacy in qualsiasi momento senza preavviso. Eventuali modifiche apportate entreranno in vigore immediatamente dopo la pubblicazione della politica rivista sul nostro sito web. Ti invitiamo a rivedere periodicamente la presente Informativa sulla privacy per eventuali aggiornamenti.  <\/p>\n<\/p>\n<h3>Contattaci<\/h3>\n<p>In caso di domande o dubbi sulla presente Informativa sulla privacy o sulle nostre pratiche sulla privacy, si prega di contattarci <a href=\"https:\/\/bee-aware.eu\/it\/contattaci\/\">qui<\/a>.<\/p>\n<\/p>\n<p>Utilizzando il nostro sito Web, riconosci di aver letto e compreso la presente Informativa sulla privacy e accetti la raccolta, l&#8217;uso e la divulgazione delle tue informazioni come descritto nel presente documento.<\/p>\n\t\t\t\t\t\t\t\t<\/div>\n\t\t\t\t<\/div>\n\t\t\t\t\t<\/div>\n\t\t<\/div>\n\t\t\t\t\t<\/div>\n\t\t<\/section>\n\t\t\t\t<\/div>\n\t\t","protected":false},"excerpt":{"rendered":"<p>A #BeeAwareEU ( https:\/\/beeaware.eu ) apprezziamo la tua privacy e ci impegniamo a proteggere le tue informazioni personali. La presente Informativa sulla privacy delinea il modo in cui raccogliamo, utilizziamo, divulghiamo e proteggiamo le tue informazioni quando visiti il nostro sito Web o interagisci con i nostri contenuti. Si prega di leggere attentamente questa politica&hellip;<\/p>\n","protected":false},"author":1,"featured_media":1014,"parent":0,"menu_order":0,"comment_status":"closed","ping_status":"open","template":"","meta":{"footnotes":""},"class_list":["post-1015","page","type-page","status-publish","has-post-thumbnail","hentry"],"_links":{"self":[{"href":"https:\/\/bee-aware.eu\/it\/wp-json\/wp\/v2\/pages\/1015","targetHints":{"allow":["GET"]}}],"collection":[{"href":"https:\/\/bee-aware.eu\/it\/wp-json\/wp\/v2\/pages"}],"about":[{"href":"https:\/\/bee-aware.eu\/it\/wp-json\/wp\/v2\/types\/page"}],"author":[{"embeddable":true,"href":"https:\/\/bee-aware.eu\/it\/wp-json\/wp\/v2\/users\/1"}],"replies":[{"embeddable":true,"href":"https:\/\/bee-aware.eu\/it\/wp-json\/wp\/v2\/comments?post=1015"}],"version-history":[{"count":1,"href":"https:\/\/bee-aware.eu\/it\/wp-json\/wp\/v2\/pages\/1015\/revisions"}],"predecessor-version":[{"id":1016,"href":"https:\/\/bee-aware.eu\/it\/wp-json\/wp\/v2\/pages\/1015\/revisions\/1016"}],"wp:featuredmedia":[{"embeddable":true,"href":"https:\/\/bee-aware.eu\/it\/wp-json\/wp\/v2\/media\/1014"}],"wp:attachment":[{"href":"https:\/\/bee-aware.eu\/it\/wp-json\/wp\/v2\/media?parent=1015"}],"curies":[{"name":"wp","href":"https:\/\/api.w.org\/{rel}","templated":true}]}}