{"id":1480,"date":"2018-10-23T08:32:35","date_gmt":"2018-10-23T06:32:35","guid":{"rendered":"https:\/\/bee-aware.eu\/ikkuntattjana\/"},"modified":"2023-10-03T17:11:40","modified_gmt":"2023-10-03T15:11:40","slug":"ikkuntattjana","status":"publish","type":"page","link":"https:\/\/bee-aware.eu\/mt\/ikkuntattjana\/","title":{"rendered":"Ikkuntattjana"},"content":{"rendered":"\t\t<div data-elementor-type=\"wp-post\" data-elementor-id=\"1480\" class=\"elementor elementor-1480 elementor-73\" data-elementor-post-type=\"page\">\n\t\t\t\t\t\t<section data-uael-partstyle=\"nasa\" data-uael-partcolor=\"\" data-uael-partopacity=\"0.2\" data-uael-partdirection=\"bottom\" class=\"elementor-section elementor-top-section elementor-element elementor-element-59a9592 uael-particle-yes elementor-section-boxed elementor-section-height-default elementor-section-height-default uael-particle-adv-no\" data-id=\"59a9592\" data-element_type=\"section\" data-settings=\"{&quot;background_background&quot;:&quot;classic&quot;}\">\n\t\t\t\t\t\t<div class=\"elementor-container elementor-column-gap-default\">\n\t\t\t\t\t<div class=\"elementor-column elementor-col-100 elementor-top-column elementor-element elementor-element-6149065\" data-id=\"6149065\" data-element_type=\"column\">\n\t\t\t<div class=\"elementor-widget-wrap elementor-element-populated\">\n\t\t\t\t\t\t<div class=\"elementor-element elementor-element-c5cd4ce elementor-invisible elementor-widget elementor-widget-image\" data-id=\"c5cd4ce\" data-element_type=\"widget\" data-settings=\"{&quot;_animation&quot;:&quot;slideInDown&quot;}\" data-widget_type=\"image.default\">\n\t\t\t\t<div class=\"elementor-widget-container\">\n\t\t\t\t\t\t\t\t\t\t\t\t\t\t\t<img fetchpriority=\"high\" decoding=\"async\" width=\"720\" height=\"405\" src=\"https:\/\/bee-aware.eu\/wp-content\/uploads\/2023\/01\/BeeCloseupBlackBackground-720x405.jpg\" class=\"attachment-futurio-med size-futurio-med wp-image-275\" alt=\"\" srcset=\"https:\/\/bee-aware.eu\/wp-content\/uploads\/2023\/01\/BeeCloseupBlackBackground-720x405.jpg 720w, https:\/\/bee-aware.eu\/wp-content\/uploads\/2023\/01\/BeeCloseupBlackBackground-1140x641.jpg 1140w\" sizes=\"(max-width: 720px) 100vw, 720px\" \/>\t\t\t\t\t\t\t\t\t\t\t\t\t\t\t<\/div>\n\t\t\t\t<\/div>\n\t\t\t\t\t<\/div>\n\t\t<\/div>\n\t\t\t\t\t<\/div>\n\t\t<\/section>\n\t\t\t\t<section data-uael-partstyle=\"nasa\" data-uael-partcolor=\"\" data-uael-partopacity=\"0.2\" data-uael-partdirection=\"bottom\" class=\"elementor-section elementor-top-section elementor-element elementor-element-e418a57 elementor-section-stretched elementor-section-content-middle uael-particle-yes elementor-section-boxed elementor-section-height-default elementor-section-height-default uael-particle-adv-no\" data-id=\"e418a57\" data-element_type=\"section\" data-settings=\"{&quot;stretch_section&quot;:&quot;section-stretched&quot;,&quot;background_background&quot;:&quot;classic&quot;}\">\n\t\t\t\t\t\t<div class=\"elementor-container elementor-column-gap-default\">\n\t\t\t\t\t<div class=\"elementor-column elementor-col-100 elementor-top-column elementor-element elementor-element-010629f elementor-invisible\" data-id=\"010629f\" data-element_type=\"column\" data-settings=\"{&quot;animation&quot;:&quot;slideInLeft&quot;}\">\n\t\t\t<div class=\"elementor-widget-wrap elementor-element-populated\">\n\t\t\t\t\t\t<section class=\"elementor-section elementor-inner-section elementor-element elementor-element-6cce9d5 elementor-section-boxed elementor-section-height-default elementor-section-height-default\" data-id=\"6cce9d5\" data-element_type=\"section\">\n\t\t\t\t\t\t<div class=\"elementor-container elementor-column-gap-default\">\n\t\t\t\t\t<div class=\"elementor-column elementor-col-100 elementor-inner-column elementor-element elementor-element-9a08bc5\" data-id=\"9a08bc5\" data-element_type=\"column\">\n\t\t\t<div class=\"elementor-widget-wrap elementor-element-populated\">\n\t\t\t\t\t\t<div class=\"elementor-element elementor-element-28ebfd3 elementor-widget elementor-widget-text-editor\" data-id=\"28ebfd3\" data-element_type=\"widget\" data-widget_type=\"text-editor.default\">\n\t\t\t\t<div class=\"elementor-widget-container\">\n\t\t\t\t\t\t\t\t\t<p>Ikkuntatjana<\/p>\n\t\t\t\t\t\t\t\t<\/div>\n\t\t\t\t<\/div>\n\t\t\t\t<div class=\"elementor-element elementor-element-618df81 elementor-widget elementor-widget-text-editor\" data-id=\"618df81\" data-element_type=\"widget\" data-settings=\"{&quot;_animation&quot;:&quot;none&quot;}\" data-widget_type=\"text-editor.default\">\n\t\t\t\t<div class=\"elementor-widget-container\">\n\t\t\t\t\t\t\t\t\t<p>Napprezzaw ir-rispons u l-impenn tieg\u0127ek! Tista&#8217; taqra dwar Bee Aware <a class=\"BA-gold-link\" href=\"https:\/\/bee-aware.eu\/mt\/xinhu-bee-aware\/\">hawn<\/a>. Jekk g\u0127andek xi mistoqsijiet jew inti interessat li tipparte\u010bipa fl-attivitajiet tag\u0127na, jekk jog\u0127\u0121bok, toqg\u0127odx lura milli tikkuntattja. It-timijiet tag\u0127na qeg\u0127din hawn biex jg\u0127inuk. Ikkuntattjana permezz tal-\u0127oloq pprovduti u jkun pja\u010bir tag\u0127na li nkellmuk lura!<\/p>\n\t\t\t\t\t\t\t\t<\/div>\n\t\t\t\t<\/div>\n\t\t\t\t\t<\/div>\n\t\t<\/div>\n\t\t\t\t\t<\/div>\n\t\t<\/section>\n\t\t\t\t<div class=\"elementor-element elementor-element-292dd28 elementor-widget elementor-widget-spacer\" data-id=\"292dd28\" data-element_type=\"widget\" data-widget_type=\"spacer.default\">\n\t\t\t\t<div class=\"elementor-widget-container\">\n\t\t\t\t\t\t\t<div class=\"elementor-spacer\">\n\t\t\t<div class=\"elementor-spacer-inner\"><\/div>\n\t\t<\/div>\n\t\t\t\t\t\t<\/div>\n\t\t\t\t<\/div>\n\t\t\t\t<section class=\"elementor-section elementor-inner-section elementor-element elementor-element-62af672 elementor-section-boxed elementor-section-height-default elementor-section-height-default elementor-invisible\" data-id=\"62af672\" data-element_type=\"section\" data-settings=\"{&quot;animation&quot;:&quot;slideInUp&quot;}\">\n\t\t\t\t\t\t<div class=\"elementor-container elementor-column-gap-default\">\n\t\t\t\t\t<div class=\"elementor-column elementor-col-33 elementor-inner-column elementor-element elementor-element-d39fc83\" data-id=\"d39fc83\" data-element_type=\"column\">\n\t\t\t<div class=\"elementor-widget-wrap elementor-element-populated\">\n\t\t\t\t\t\t<div class=\"elementor-element elementor-element-15e557c elementor-widget elementor-widget-text-editor\" data-id=\"15e557c\" data-element_type=\"widget\" data-widget_type=\"text-editor.default\">\n\t\t\t\t<div class=\"elementor-widget-container\">\n\t\t\t\t\t\t\t\t\t<p>Malta<\/p>\n\t\t\t\t\t\t\t\t<\/div>\n\t\t\t\t<\/div>\n\t\t\t\t<div class=\"elementor-element elementor-element-3a0c9ab elementor-widget elementor-widget-image\" data-id=\"3a0c9ab\" data-element_type=\"widget\" data-widget_type=\"image.default\">\n\t\t\t\t<div class=\"elementor-widget-container\">\n\t\t\t\t\t\t\t\t\t\t\t\t\t\t\t\t<a href=\"https:\/\/projekta.mt\" target=\"_blank\">\n\t\t\t\t\t\t\t<img decoding=\"async\" width=\"150\" height=\"150\" src=\"https:\/\/bee-aware.eu\/wp-content\/uploads\/2018\/11\/Projekta_Logo_outline_SVG.svg\" class=\"elementor-animation-pulse-grow attachment-thumbnail size-thumbnail wp-image-484\" alt=\"Bee Aware Projekta\" \/>\t\t\t\t\t\t\t\t<\/a>\n\t\t\t\t\t\t\t\t\t\t\t\t\t\t\t<\/div>\n\t\t\t\t<\/div>\n\t\t\t\t<div class=\"elementor-element elementor-element-699dee4 elementor-widget elementor-widget-text-editor\" data-id=\"699dee4\" data-element_type=\"widget\" data-widget_type=\"text-editor.default\">\n\t\t\t\t<div class=\"elementor-widget-container\">\n\t\t\t\t\t\t\t\t\t<p style=\"text-align: center;\"><strong><a class=\"BA-gold-link\" href=\"https:\/\/projekta.mt\" target=\"_blank\" rel=\"noopener\">projekta.mt<\/a><\/strong><br \/><a class=\"BA-gold-link\" href=\"mailto:info@projekta.mt\">info@projekta.mt<\/a><\/p>\n\t\t\t\t\t\t\t\t<\/div>\n\t\t\t\t<\/div>\n\t\t\t\t<div class=\"elementor-element elementor-element-528dc74 elementor-view-default elementor-widget elementor-widget-icon\" data-id=\"528dc74\" data-element_type=\"widget\" data-widget_type=\"icon.default\">\n\t\t\t\t<div class=\"elementor-widget-container\">\n\t\t\t\t\t\t\t<div class=\"elementor-icon-wrapper\">\n\t\t\t<a class=\"elementor-icon\" href=\"https:\/\/www.facebook.com\/ProjektaMalta\" target=\"_blank\">\n\t\t\t<i aria-hidden=\"true\" class=\"fab fa-facebook\"><\/i>\t\t\t<\/a>\n\t\t<\/div>\n\t\t\t\t\t\t<\/div>\n\t\t\t\t<\/div>\n\t\t\t\t\t<\/div>\n\t\t<\/div>\n\t\t\t\t<div class=\"elementor-column elementor-col-33 elementor-inner-column elementor-element elementor-element-efaa4c7\" data-id=\"efaa4c7\" data-element_type=\"column\">\n\t\t\t<div class=\"elementor-widget-wrap elementor-element-populated\">\n\t\t\t\t\t\t<div class=\"elementor-element elementor-element-4e7d19d elementor-widget elementor-widget-text-editor\" data-id=\"4e7d19d\" data-element_type=\"widget\" data-widget_type=\"text-editor.default\">\n\t\t\t\t<div class=\"elementor-widget-container\">\n\t\t\t\t\t\t\t\t\t<p><span style=\"color: rgba(255, 255, 255, 0.74); font-weight: 600; letter-spacing: 3px; text-align: center; text-transform: uppercase;\">Gre\u010bja<\/span><\/p>\n\t\t\t\t\t\t\t\t<\/div>\n\t\t\t\t<\/div>\n\t\t\t\t<div class=\"elementor-element elementor-element-954fb08 elementor-widget elementor-widget-image\" data-id=\"954fb08\" data-element_type=\"widget\" data-widget_type=\"image.default\">\n\t\t\t\t<div class=\"elementor-widget-container\">\n\t\t\t\t\t\t\t\t\t\t\t\t\t\t\t\t<a href=\"https:\/\/thebeecamp.com\/\">\n\t\t\t\t\t\t\t<img decoding=\"async\" width=\"150\" height=\"150\" src=\"https:\/\/bee-aware.eu\/wp-content\/uploads\/2018\/11\/thebeecamp_tranparentBK.svg\" class=\"elementor-animation-pulse-grow attachment-thumbnail size-thumbnail wp-image-491\" alt=\"Bee Aware The Bee Camp\" \/>\t\t\t\t\t\t\t\t<\/a>\n\t\t\t\t\t\t\t\t\t\t\t\t\t\t\t<\/div>\n\t\t\t\t<\/div>\n\t\t\t\t<div class=\"elementor-element elementor-element-30d4b33 elementor-widget elementor-widget-text-editor\" data-id=\"30d4b33\" data-element_type=\"widget\" data-widget_type=\"text-editor.default\">\n\t\t\t\t<div class=\"elementor-widget-container\">\n\t\t\t\t\t\t\t\t\t<p style=\"text-align: center;\"><strong><a class=\"BA-gold-link\" href=\"https:\/\/thebeecamp.com\" target=\"_blank\" rel=\"noopener\">thebeecamp.com<\/a><\/strong>\n<a class=\"BA-gold-link\" href=\"mailto:hello@thebeecamp.com\" target=\"_blank\" rel=\"noopener\">hello@thebeecamp.com<\/a><\/p>\t\t\t\t\t\t\t\t<\/div>\n\t\t\t\t<\/div>\n\t\t\t\t<div class=\"elementor-element elementor-element-388cf55 elementor-view-default elementor-widget elementor-widget-icon\" data-id=\"388cf55\" data-element_type=\"widget\" data-widget_type=\"icon.default\">\n\t\t\t\t<div class=\"elementor-widget-container\">\n\t\t\t\t\t\t\t<div class=\"elementor-icon-wrapper\">\n\t\t\t<a class=\"elementor-icon\" href=\"https:\/\/www.facebook.com\/thebeecamp\" target=\"_blank\">\n\t\t\t<i aria-hidden=\"true\" class=\"fab fa-facebook\"><\/i>\t\t\t<\/a>\n\t\t<\/div>\n\t\t\t\t\t\t<\/div>\n\t\t\t\t<\/div>\n\t\t\t\t\t<\/div>\n\t\t<\/div>\n\t\t\t\t<div class=\"elementor-column elementor-col-33 elementor-inner-column elementor-element elementor-element-ac42289\" data-id=\"ac42289\" data-element_type=\"column\">\n\t\t\t<div class=\"elementor-widget-wrap elementor-element-populated\">\n\t\t\t\t\t\t<div class=\"elementor-element elementor-element-175a0fe elementor-widget elementor-widget-text-editor\" data-id=\"175a0fe\" data-element_type=\"widget\" data-widget_type=\"text-editor.default\">\n\t\t\t\t<div class=\"elementor-widget-container\">\n\t\t\t\t\t\t\t\t\t<p><span style=\"color: rgba(255, 255, 255, 0.74); font-weight: 600; letter-spacing: 3px; text-align: center; text-transform: uppercase;\">Italja<\/span><\/p>\n\t\t\t\t\t\t\t\t<\/div>\n\t\t\t\t<\/div>\n\t\t\t\t<div class=\"elementor-element elementor-element-c1aea48 elementor-widget elementor-widget-image\" data-id=\"c1aea48\" data-element_type=\"widget\" data-widget_type=\"image.default\">\n\t\t\t\t<div class=\"elementor-widget-container\">\n\t\t\t\t\t\t\t\t\t\t\t\t\t\t\t\t<a href=\"https:\/\/ideeinmovimentonaxos.org\/\">\n\t\t\t\t\t\t\t<img loading=\"lazy\" decoding=\"async\" width=\"150\" height=\"150\" src=\"https:\/\/bee-aware.eu\/wp-content\/uploads\/2018\/11\/ideeinmovimento_tranparentBK-1.svg\" class=\"elementor-animation-pulse-grow attachment-thumbnail size-thumbnail wp-image-490\" alt=\"Bee Aware Idee in Movimento\" \/>\t\t\t\t\t\t\t\t<\/a>\n\t\t\t\t\t\t\t\t\t\t\t\t\t\t\t<\/div>\n\t\t\t\t<\/div>\n\t\t\t\t<div class=\"elementor-element elementor-element-1ef9246 elementor-widget elementor-widget-text-editor\" data-id=\"1ef9246\" data-element_type=\"widget\" data-widget_type=\"text-editor.default\">\n\t\t\t\t<div class=\"elementor-widget-container\">\n\t\t\t\t\t\t\t\t\t<p style=\"text-align: center;\"><a class=\"BA-gold-link\" href=\"https:\/\/ideeinmovimentonaxos.org\" target=\"_blank\" rel=\"noopener\"><strong>ideeinmovimentonaxos.org<\/strong><\/a>\n<a class=\"BA-gold-link\" href=\"mailto:ideeinmovimento6@gmail.com\">ideeinmovimento6@gmail.com<\/a><\/p>\t\t\t\t\t\t\t\t<\/div>\n\t\t\t\t<\/div>\n\t\t\t\t<div class=\"elementor-element elementor-element-846c997 elementor-view-default elementor-widget elementor-widget-icon\" data-id=\"846c997\" data-element_type=\"widget\" data-widget_type=\"icon.default\">\n\t\t\t\t<div class=\"elementor-widget-container\">\n\t\t\t\t\t\t\t<div class=\"elementor-icon-wrapper\">\n\t\t\t<a class=\"elementor-icon\" href=\"https:\/\/www.facebook.com\/ideeinmovimentogiardini\" target=\"_blank\">\n\t\t\t<i aria-hidden=\"true\" class=\"fab fa-facebook\"><\/i>\t\t\t<\/a>\n\t\t<\/div>\n\t\t\t\t\t\t<\/div>\n\t\t\t\t<\/div>\n\t\t\t\t\t<\/div>\n\t\t<\/div>\n\t\t\t\t\t<\/div>\n\t\t<\/section>\n\t\t\t\t<div class=\"elementor-element elementor-element-61e42a4 elementor-widget elementor-widget-spacer\" data-id=\"61e42a4\" data-element_type=\"widget\" data-widget_type=\"spacer.default\">\n\t\t\t\t<div class=\"elementor-widget-container\">\n\t\t\t\t\t\t\t<div class=\"elementor-spacer\">\n\t\t\t<div class=\"elementor-spacer-inner\"><\/div>\n\t\t<\/div>\n\t\t\t\t\t\t<\/div>\n\t\t\t\t<\/div>\n\t\t\t\t\t<\/div>\n\t\t<\/div>\n\t\t\t\t\t<\/div>\n\t\t<\/section>\n\t\t\t\t<section class=\"elementor-section elementor-top-section elementor-element elementor-element-697c7b9 elementor-section-boxed elementor-section-height-default elementor-section-height-default\" data-id=\"697c7b9\" data-element_type=\"section\" data-settings=\"{&quot;shape_divider_top&quot;:&quot;waves&quot;,&quot;background_background&quot;:&quot;gradient&quot;}\">\n\t\t\t\t\t<div class=\"elementor-shape elementor-shape-top\" aria-hidden=\"true\" data-negative=\"false\">\n\t\t\t<svg xmlns=\"http:\/\/www.w3.org\/2000\/svg\" viewBox=\"0 0 1000 100\" preserveAspectRatio=\"none\">\n\t<path class=\"elementor-shape-fill\" d=\"M421.9,6.5c22.6-2.5,51.5,0.4,75.5,5.3c23.6,4.9,70.9,23.5,100.5,35.7c75.8,32.2,133.7,44.5,192.6,49.7\n\tc23.6,2.1,48.7,3.5,103.4-2.5c54.7-6,106.2-25.6,106.2-25.6V0H0v30.3c0,0,72,32.6,158.4,30.5c39.2-0.7,92.8-6.7,134-22.4\n\tc21.2-8.1,52.2-18.2,79.7-24.2C399.3,7.9,411.6,7.5,421.9,6.5z\"\/>\n<\/svg>\t\t<\/div>\n\t\t\t\t\t<div class=\"elementor-container elementor-column-gap-default\">\n\t\t\t\t\t<div class=\"elementor-column elementor-col-100 elementor-top-column elementor-element elementor-element-6ac2d3a\" data-id=\"6ac2d3a\" data-element_type=\"column\">\n\t\t\t<div class=\"elementor-widget-wrap elementor-element-populated\">\n\t\t\t\t\t\t<div class=\"elementor-element elementor-element-9023108 elementor-widget elementor-widget-text-editor\" data-id=\"9023108\" data-element_type=\"widget\" data-widget_type=\"text-editor.default\">\n\t\t\t\t<div class=\"elementor-widget-container\">\n\t\t\t\t\t\t\t\t\t<\/p><\/p>\n\t\t\t\t\t\t\t\t<\/div>\n\t\t\t\t<\/div>\n\t\t\t\t\t<\/div>\n\t\t<\/div>\n\t\t\t\t\t<\/div>\n\t\t<\/section>\n\t\t\t\t<\/div>\n\t\t","protected":false},"excerpt":{"rendered":"<p>Ikkuntatjana Napprezzaw ir-rispons u l-impenn tieg\u0127ek! Tista&#8217; taqra dwar Bee Aware hawn. Jekk g\u0127andek xi mistoqsijiet jew inti interessat li tipparte\u010bipa fl-attivitajiet tag\u0127na, jekk jog\u0127\u0121bok, toqg\u0127odx lura milli tikkuntattja. It-timijiet tag\u0127na qeg\u0127din hawn biex jg\u0127inuk. Ikkuntattjana permezz tal-\u0127oloq pprovduti u jkun pja\u010bir tag\u0127na li nkellmuk lura! Malta projekta.mtinfo@projekta.mt Gre\u010bja thebeecamp.com hello@thebeecamp.com Italja ideeinmovimentonaxos.org ideeinmovimento6@gmail.com<\/p>\n","protected":false},"author":1,"featured_media":0,"parent":0,"menu_order":0,"comment_status":"closed","ping_status":"closed","template":"","meta":{"footnotes":""},"class_list":["post-1480","page","type-page","status-publish","hentry"],"_links":{"self":[{"href":"https:\/\/bee-aware.eu\/mt\/wp-json\/wp\/v2\/pages\/1480","targetHints":{"allow":["GET"]}}],"collection":[{"href":"https:\/\/bee-aware.eu\/mt\/wp-json\/wp\/v2\/pages"}],"about":[{"href":"https:\/\/bee-aware.eu\/mt\/wp-json\/wp\/v2\/types\/page"}],"author":[{"embeddable":true,"href":"https:\/\/bee-aware.eu\/mt\/wp-json\/wp\/v2\/users\/1"}],"replies":[{"embeddable":true,"href":"https:\/\/bee-aware.eu\/mt\/wp-json\/wp\/v2\/comments?post=1480"}],"version-history":[{"count":2,"href":"https:\/\/bee-aware.eu\/mt\/wp-json\/wp\/v2\/pages\/1480\/revisions"}],"predecessor-version":[{"id":1538,"href":"https:\/\/bee-aware.eu\/mt\/wp-json\/wp\/v2\/pages\/1480\/revisions\/1538"}],"wp:attachment":[{"href":"https:\/\/bee-aware.eu\/mt\/wp-json\/wp\/v2\/media?parent=1480"}],"curies":[{"name":"wp","href":"https:\/\/api.w.org\/{rel}","templated":true}]}}