{"id":1483,"date":"2023-01-11T16:35:35","date_gmt":"2023-01-11T15:35:35","guid":{"rendered":"https:\/\/bee-aware.eu\/politika-dwar-il-privatezza\/"},"modified":"2023-06-30T20:57:06","modified_gmt":"2023-06-30T18:57:06","slug":"politika-dwar-il-privatezza","status":"publish","type":"page","link":"https:\/\/bee-aware.eu\/mt\/politika-dwar-il-privatezza\/","title":{"rendered":"Politika dwar il-privatezza"},"content":{"rendered":"\t\t<div data-elementor-type=\"wp-page\" data-elementor-id=\"1483\" class=\"elementor elementor-1483 elementor-3\" data-elementor-post-type=\"page\">\n\t\t\t\t\t\t<section class=\"elementor-section elementor-top-section elementor-element elementor-element-2f26e285 elementor-section-boxed elementor-section-height-default elementor-section-height-default\" data-id=\"2f26e285\" data-element_type=\"section\">\n\t\t\t\t\t\t<div class=\"elementor-container elementor-column-gap-default\">\n\t\t\t\t\t<div class=\"elementor-column elementor-col-100 elementor-top-column elementor-element elementor-element-43e59722\" data-id=\"43e59722\" data-element_type=\"column\">\n\t\t\t<div class=\"elementor-widget-wrap elementor-element-populated\">\n\t\t\t\t\t\t<div class=\"elementor-element elementor-element-683d237e elementor-widget elementor-widget-text-editor\" data-id=\"683d237e\" data-element_type=\"widget\" data-widget_type=\"text-editor.default\">\n\t\t\t\t<div class=\"elementor-widget-container\">\n\t\t\t\t\t\t\t\t\t<p>Fuq #BeeAwareEU (<a href=\"https:\/\/beeaware.eu\">https:\/\/beeaware.eu<\/a>) napprezzaw il-privatezza tieg\u0127ek u a\u0127na impenjati li nipprote\u0121u l-informazzjoni personali tieg\u0127ek. Din il-Politika tal-Privatezza tiddeskrivi kif ni\u0121bru, nu\u017caw, ni\u017cvelaw, u nissalvagwardjaw l-informazzjoni tieg\u0127ek meta \u017c\u017cur il-websajt tag\u0127na jew meta tintera\u0121ixxi mal-kontenut tag\u0127na. Jekk jog\u0127\u0121bok aqra din il-politika bir-reqqa biex tifhem il-prattiki tag\u0127na rigward l-informazzjoni tieg\u0127ek u kif nittrattawha. <\/p>\n<\/p>\n<h3>Informazzjoni li ni\u0121bru<\/h3>\n<p>Nistg\u0127u ni\u0121bru \u010berta informazzjoni personali meta \u017c\u017cur il-websajt tag\u0127na, b\u0127al ismek, l-indirizz elettroniku, u kwalunkwe informazzjoni o\u0127ra li tipprovdilna b \u2019mod volontarju meta t\u0127alli kummenti jew timla xi formoli ta \u2019kuntatt.<\/p>\n<\/p>\n<h3>U\u017cu ta \u2019informazzjoni<\/h3>\n<p>Nu\u017caw l-informazzjoni mi\u0121bura biex nipprovdu u ntejbu l-kontenut tag\u0127na, nirrispondu g\u0127all-mistoqsijiet tieg\u0127ek, u nikkomunikaw mieg\u0127ek. Ma nibag\u0127tulek l-ebda kontenut promozzjonali jew informattiv mhux mitlub. <\/p>\n<\/p>\n<h3>Cookies u Teknolo\u0121iji O\u0127ra ta\u2019 Tra\u010b\u010bar<\/h3>\n<p>Is-sit web tag\u0127na jista\u2019 ju\u017ca cookies u teknolo\u0121iji simili ta\u2019 tra\u010b\u010bar biex itejjeb l-esperjenza tal-ibbraw\u017cjar tieg\u0127ek. Dawn it-teknolo\u0121iji ji\u0121bru informazzjoni dwar it-tag\u0127mir tieg\u0127ek, azzjonijiet ta \u2019bbraw\u017cjar, u mudelli. G\u0127andek l-g\u0127a\u017cla li tiddi\u017cattiva l-cookies fis-settings tal-braw\u017cer tieg\u0127ek, i\u017cda jekk jog\u0127\u0121bok innota li jekk tag\u0127mel dan tista\u2019 taffettwa l-\u0127ila tieg\u0127ek li ta\u010b\u010bessa \u010berti karatteristi\u010bi jew funzjonalitajiet tal-blogg tag\u0127na.  <\/p>\n<\/p>\n<h3>\u0126olqiet ta&#8217; Partijiet Terzi<\/h3>\n<p>Il-websajt tag\u0127na fiha links g\u0127al websajts jew servizzi ta &#8216;partijiet terzi li mhumiex operati jew ikkontrollati minna. Ladarba titlaq mill-websajt tag\u0127na, a\u0127na ma g\u0127andna l-ebda kontroll fuq il-prattiki tal-privatezza jew il-kontenut ta &#8216;dawk il-websajts ta&#8217; partijiet terzi. In\u0127e\u0121\u0121uk tirrevedi l-politiki tal-privatezza ta&#8217; kwalunkwe websajt ta&#8217; partijiet terzi li \u017c\u017cur.  <\/p>\n<\/p>\n<h3>Sigurt\u00e0 tad-Data<\/h3>\n<p>Nie\u0127du mi\u017curi ra\u0121onevoli biex nipprote\u0121u s-sigurt\u00e0 tal-informazzjoni personali tieg\u0127ek kontra a\u010b\u010bess, alterazzjoni, \u017cvelar jew qerda mhux awtorizzati. Madankollu, jekk jog\u0127\u0121bok innota li l-ebda metodu ta&#8217; tra\u017cmissjoni fuq l-Internet jew \u0127a\u017cna elettronika mhu 100% sigur, u ma nistg\u0127ux niggarantixxu sigurt\u00e0 assoluta. <\/p>\n<\/p>\n<h3>Privatezza tat-Tfal<\/h3>\n<p>Il-websajt tag\u0127na mhix ma\u0127suba g\u0127all-u\u017cu minn individwi ta\u0127t it-13-il sena. A\u0127na ma ni\u0121brux informazzjoni personali mit-tfal konxjament. Jekk inti \u0121enitur jew gwardjan u temmen li t-tifel\/tifla tieg\u0127ek ipprovdilna informazzjoni personali, jekk jog\u0127\u0121bok ikkuntattjana, u a\u0127na nie\u0127du passi biex inne\u0127\u0127u dik l-informazzjoni mis-sistemi tag\u0127na.  <\/p>\n<\/p>\n<h3>Bidliet f \u2019din il-Politika tal-Privatezza<\/h3>\n<p>Nirri\u017cervaw id-dritt li nimmodifikaw din il-Politika ta\u2019 Privatezza fi kwalunkwe \u0127in ming\u0127ajr avvi\u017c minn qabel. Kwalunkwe bidla li nag\u0127mlu se tkun effettiva immedjatament malli l-politika riveduta ti\u0121i ppubblikata fuq is-sit web tag\u0127na. In\u0127e\u0121\u0121uk tirrevedi din il-Politika tal-Privatezza perjodikament g\u0127al kwalunkwe a\u0121\u0121ornament.  <\/p>\n<\/p>\n<h3>Ikkuntatjana<\/h3>\n<p>Jekk g\u0127andek xi mistoqsijiet jew t\u0127assib dwar din il-Politika ta\u2019 Privatezza jew il-prattiki ta\u2019 privatezza tag\u0127na, jekk jog\u0127\u0121bok ikkuntattjana <a href=\"https:\/\/bee-aware.eu\/mt\/ikkuntattjana\/\">hawn<\/a>.<\/p>\n<\/p>\n<p>Billi tu\u017ca s-sit web tag\u0127na, inti tirrikonoxxi li qrajt u fhimt din il-Politika ta\u2019 Privatezza u taqbel mal-\u0121bir, l-u\u017cu, u d-divulgazzjoni tal-informazzjoni tieg\u0127ek kif deskritt hawnhekk.<\/p>\n\t\t\t\t\t\t\t\t<\/div>\n\t\t\t\t<\/div>\n\t\t\t\t\t<\/div>\n\t\t<\/div>\n\t\t\t\t\t<\/div>\n\t\t<\/section>\n\t\t\t\t<\/div>\n\t\t","protected":false},"excerpt":{"rendered":"<p>Fuq #BeeAwareEU (https:\/\/beeaware.eu) napprezzaw il-privatezza tieg\u0127ek u a\u0127na impenjati li nipprote\u0121u l-informazzjoni personali tieg\u0127ek. Din il-Politika tal-Privatezza tiddeskrivi kif ni\u0121bru, nu\u017caw, ni\u017cvelaw, u nissalvagwardjaw l-informazzjoni tieg\u0127ek meta \u017c\u017cur il-websajt tag\u0127na jew meta tintera\u0121ixxi mal-kontenut tag\u0127na. Jekk jog\u0127\u0121bok aqra din il-politika bir-reqqa biex tifhem il-prattiki tag\u0127na rigward l-informazzjoni tieg\u0127ek u kif nittrattawha. Informazzjoni li ni\u0121bru Nistg\u0127u&hellip;<\/p>\n","protected":false},"author":1,"featured_media":1450,"parent":0,"menu_order":0,"comment_status":"closed","ping_status":"open","template":"","meta":{"footnotes":""},"class_list":["post-1483","page","type-page","status-publish","has-post-thumbnail","hentry"],"_links":{"self":[{"href":"https:\/\/bee-aware.eu\/mt\/wp-json\/wp\/v2\/pages\/1483","targetHints":{"allow":["GET"]}}],"collection":[{"href":"https:\/\/bee-aware.eu\/mt\/wp-json\/wp\/v2\/pages"}],"about":[{"href":"https:\/\/bee-aware.eu\/mt\/wp-json\/wp\/v2\/types\/page"}],"author":[{"embeddable":true,"href":"https:\/\/bee-aware.eu\/mt\/wp-json\/wp\/v2\/users\/1"}],"replies":[{"embeddable":true,"href":"https:\/\/bee-aware.eu\/mt\/wp-json\/wp\/v2\/comments?post=1483"}],"version-history":[{"count":1,"href":"https:\/\/bee-aware.eu\/mt\/wp-json\/wp\/v2\/pages\/1483\/revisions"}],"predecessor-version":[{"id":1484,"href":"https:\/\/bee-aware.eu\/mt\/wp-json\/wp\/v2\/pages\/1483\/revisions\/1484"}],"wp:featuredmedia":[{"embeddable":true,"href":"https:\/\/bee-aware.eu\/mt\/wp-json\/wp\/v2\/media\/1450"}],"wp:attachment":[{"href":"https:\/\/bee-aware.eu\/mt\/wp-json\/wp\/v2\/media?parent=1483"}],"curies":[{"name":"wp","href":"https:\/\/api.w.org\/{rel}","templated":true}]}}